{"id":1468,"date":"2023-05-28T07:38:32","date_gmt":"2023-05-28T07:38:32","guid":{"rendered":"https:\/\/janowski.ch\/?page_id=1468"},"modified":"2023-05-29T09:44:32","modified_gmt":"2023-05-29T09:44:32","slug":"impressum","status":"publish","type":"page","link":"https:\/\/janowski.ch\/en\/impressum\/","title":{"rendered":"Impressum"},"content":{"rendered":"<style>.kb-row-layout-id_b4de4f-1a > .kt-row-column-wrap{align-content:start;}:where(.kb-row-layout-id_b4de4f-1a > .kt-row-column-wrap) > .wp-block-kadence-column{justify-content:start;}.kb-row-layout-id_b4de4f-1a > .kt-row-column-wrap{column-gap:var(--global-kb-gap-md, 2rem);row-gap:var(--global-kb-gap-md, 2rem);max-width:var( --global-content-width, 1290px );padding-left:var(--global-content-edge-padding);padding-right:var(--global-content-edge-padding);padding-top:var(--global-kb-spacing-sm, 1.5rem);padding-bottom:var(--global-kb-spacing-sm, 1.5rem);min-height:400px;grid-template-columns:minmax(0, 1fr);}.kb-row-layout-id_b4de4f-1a{background-image:url('https:\/\/janowski.ch\/wp-content\/uploads\/2023\/04\/6155_link.jpg');background-size:cover;background-position:54% 26%;background-attachment:scroll;background-repeat:no-repeat;}.kb-row-layout-id_b4de4f-1a > .kt-row-layout-overlay{opacity:0.30;}.kb-row-layout-id_b4de4f-1a .kt-row-layout-bottom-sep{height:100px;}.kb-row-layout-id_b4de4f-1a .kt-row-layout-bottom-sep svg{width:100%;}.kb-row-layout-id_b4de4f-1a .kt-row-layout-bottom-sep svg{fill:#ffffff!important;}@media all and (max-width: 1024px){.kb-row-layout-id_b4de4f-1a > .kt-row-column-wrap{grid-template-columns:minmax(0, 1fr);}}@media all and (max-width: 1024px){.kb-row-layout-id_b4de4f-1a .kt-row-layout-bottom-sep{height:px;}}@media all and (max-width: 1024px){.kb-row-layout-id_b4de4f-1a .kt-row-layout-bottom-sep svg{width:%;}}@media all and (max-width: 767px){.kb-row-layout-id_b4de4f-1a > .kt-row-column-wrap{grid-template-columns:minmax(0, 1fr);}.kb-row-layout-id_b4de4f-1a .kt-row-layout-bottom-sep{height:px;}.kb-row-layout-id_b4de4f-1a .kt-row-layout-bottom-sep svg{width:%;}}<\/style><div class=\"kb-row-layout-wrap kb-row-layout-id_b4de4f-1a alignnone kt-row-has-bg wp-block-kadence-rowlayout\"><div class=\"kt-row-layout-bottom-sep kt-row-sep-type-crvli\"><svg viewbox=\"0 0 1000 100\" preserveaspectratio=\"none\"><path d=\"M1000,0c0,0 -420.987,98 -650,98c-229.013,0 -350,-98 -350,-98l0,100l1000,0l0,-100Z\" \/><\/svg><\/div><div class=\"kt-row-column-wrap kt-has-1-columns kt-row-layout-equal kt-tab-layout-inherit kt-mobile-layout-row kt-row-valign-top kb-theme-content-width\">\n<style>.kadence-column_eb0bbe-09 > .kt-inside-inner-col,.kadence-column_eb0bbe-09 > .kt-inside-inner-col:before{border-top-left-radius:0px;border-top-right-radius:0px;border-bottom-right-radius:0px;border-bottom-left-radius:0px;}.kadence-column_eb0bbe-09 > .kt-inside-inner-col{column-gap:var(--global-kb-gap-sm, 1rem);}.kadence-column_eb0bbe-09 > .kt-inside-inner-col{flex-direction:column;}.kadence-column_eb0bbe-09 > .kt-inside-inner-col > .aligncenter{width:100%;}.kadence-column_eb0bbe-09 > .kt-inside-inner-col:before{opacity:0.3;}.kadence-column_eb0bbe-09{position:relative;}@media all and (max-width: 1024px){.kadence-column_eb0bbe-09 > .kt-inside-inner-col{flex-direction:column;justify-content:center;}}@media all and (max-width: 767px){.kadence-column_eb0bbe-09 > .kt-inside-inner-col{flex-direction:column;justify-content:center;}}<\/style>\n<div class=\"wp-block-kadence-column kadence-column_eb0bbe-09\"><div class=\"kt-inside-inner-col\"><\/div><\/div>\n\n<\/div><\/div>\n\n<style>.kb-row-layout-id_fcf8c6-cc > .kt-row-column-wrap{align-content:start;}:where(.kb-row-layout-id_fcf8c6-cc > .kt-row-column-wrap) > .wp-block-kadence-column{justify-content:start;}.kb-row-layout-id_fcf8c6-cc > .kt-row-column-wrap{column-gap:var(--global-kb-gap-md, 2rem);row-gap:var(--global-kb-gap-md, 2rem);max-width:var( --global-content-width, 1290px );padding-left:var(--global-content-edge-padding);padding-right:var(--global-content-edge-padding);padding-top:var(--global-kb-spacing-sm, 1.5rem);padding-bottom:var(--global-kb-spacing-sm, 1.5rem);grid-template-columns:minmax(0, 1fr);}.kb-row-layout-id_fcf8c6-cc > .kt-row-layout-overlay{opacity:0.30;}@media all and (max-width: 1024px){.kb-row-layout-id_fcf8c6-cc > .kt-row-column-wrap{grid-template-columns:minmax(0, 1fr);}}@media all and (max-width: 767px){.kb-row-layout-id_fcf8c6-cc > .kt-row-column-wrap{grid-template-columns:minmax(0, 1fr);}}<\/style><div class=\"kb-row-layout-wrap kb-row-layout-id_fcf8c6-cc alignnone wp-block-kadence-rowlayout\"><div class=\"kt-row-column-wrap kt-has-1-columns kt-row-layout-equal kt-tab-layout-inherit kt-mobile-layout-row kt-row-valign-top kb-theme-content-width\">\n<style>.kadence-column_73f919-43 > .kt-inside-inner-col,.kadence-column_73f919-43 > .kt-inside-inner-col:before{border-top-left-radius:0px;border-top-right-radius:0px;border-bottom-right-radius:0px;border-bottom-left-radius:0px;}.kadence-column_73f919-43 > .kt-inside-inner-col{column-gap:var(--global-kb-gap-sm, 1rem);}.kadence-column_73f919-43 > .kt-inside-inner-col{flex-direction:column;}.kadence-column_73f919-43 > .kt-inside-inner-col > .aligncenter{width:100%;}.kadence-column_73f919-43 > .kt-inside-inner-col:before{opacity:0.3;}.kadence-column_73f919-43{position:relative;}@media all and (max-width: 1024px){.kadence-column_73f919-43 > .kt-inside-inner-col{flex-direction:column;justify-content:center;}}@media all and (max-width: 767px){.kadence-column_73f919-43 > .kt-inside-inner-col{flex-direction:column;justify-content:center;}}<\/style>\n<div class=\"wp-block-kadence-column kadence-column_73f919-43\"><div class=\"kt-inside-inner-col\"><style>.wp-block-kadence-advancedheading.kt-adv-heading_c7f050-4d, .wp-block-kadence-advancedheading.kt-adv-heading_c7f050-4d[data-kb-block=\"kb-adv-heading_c7f050-4d\"]{margin-top:var(--global-kb-spacing-lg, 3rem);font-style:normal;}.wp-block-kadence-advancedheading.kt-adv-heading_c7f050-4d mark.kt-highlight, .wp-block-kadence-advancedheading.kt-adv-heading_c7f050-4d[data-kb-block=\"kb-adv-heading_c7f050-4d\"] mark.kt-highlight{font-style:normal;color:#f76a0c;-webkit-box-decoration-break:clone;box-decoration-break:clone;padding-top:0px;padding-right:0px;padding-bottom:0px;padding-left:0px;}<\/style>\n<h2 class=\"kt-adv-heading_c7f050-4d wp-block-kadence-advancedheading\" data-kb-block=\"kb-adv-heading_c7f050-4d\">Impressum<\/h2>\n\n\n\n<p>Verantwortlich f\u00fcr den Internetauftritt:<\/p>\n\n\n\n<p>&nbsp;Praxis Carlo Janowski<br>In der Schappe 16\/18, 4144 Arlesheim<br>Telefon: 0041-61-281 27 17<\/p>\n\n\n\n<p><a href=\"mailto:praxis@janowski.ch\">praxis@janowski.ch<\/a><\/p>\n\n\n\n<p>Praxis Nicole Janowski<br>In der Schappe 16\/18, 4144 Arlesheim<br>Telefon: 0041-61-281 27 17<br><br><a href=\"mailto:nicole@janowski.ch\">nicole@janowski.ch<\/a><\/p>\n\n\n\n<p>MWST-Nr.: CHE-364.004.841<\/p>\n\n\n\n<p>Fotos:<br>Felix Heiber, Dornach<\/p>\n\n\n\n<h2 class=\"wp-block-heading\">Rechtliche Hinweise<\/h2>\n\n\n\n<p>&nbsp;1. Copyright<\/p>\n\n\n\n<p>S\u00e4mtliche Inhalte dieser Homepage sind urheberrechtlich gesch\u00fctzt. Photos, Graphiken und Texte d\u00fcrfen ausschliesslich mit Genehmigung verwendet werden. Die Verlinkung einzelner Inhalte\/Seiten oder deren anderweitige \u00f6ffentliche Verwendung ist nur nach pers\u00f6nlicher R\u00fccksprache mit den Urhebern erlaubt.<\/p>\n\n\n\n<p>2. Inhalt des Online-Angebotes:<\/p>\n\n\n\n<p>&nbsp;Die Autoren \u00fcbernehmen keinerlei Gew\u00e4hr f\u00fcr die Aktualit\u00e4t, Korrektheit, Vollst\u00e4ndigkeit oder Qualit\u00e4t der bereitgestellten Informationen. Haftungsanspr\u00fcche gegen die Autoren, welche sich auf Sch\u00e4den materieller oder ideeller Art beziehen, die durch die Nutzung oder Nichtnutzung der dargebotenen Informationen bzw. durch die Nutzung fehlerhafter und unvollst\u00e4ndiger Informationen verursacht wurden, sind grunds\u00e4tzlich ausgeschlossen. Alle Angebote sind freibleibend und unverbindlich. Die Autoren behalten es sich ausdr\u00fccklich vor, Teile der Seiten oder das gesamte Angebot ohne gesonderte Ank\u00fcndigung zu ver\u00e4ndern, zu erg\u00e4nzen, zu l\u00f6schen oder die Ver\u00f6ffentlichung zeitweise oder endg\u00fcltig einzustellen.<\/p>\n\n\n\n<p>3. Links:<\/p>\n\n\n\n<p>Trotz sorgf\u00e4ltiger inhaltlicher Kontrolle \u00fcbernehmen wir keine Haftung f\u00fcr die Inhalte externer Links. F\u00fcr den Inhalt der verlinkten Seiten sind ausschliesslich deren Betreiber verantwortlich.<\/p>\n<\/div><\/div>\n\n<\/div><\/div>","protected":false},"excerpt":{"rendered":"<p>Impressum Verantwortlich f\u00fcr den Internetauftritt: &nbsp;Praxis Carlo JanowskiIn der Schappe 16\/18, 4144 ArlesheimTelefon: 0041-61-281 27 17 praxis@janowski.ch Praxis Nicole JanowskiIn der Schappe 16\/18, 4144 ArlesheimTelefon: 0041-61-281 27 17 nicole@janowski.ch MWST-Nr.: CHE-364.004.841 Fotos:Felix Heiber, Dornach Rechtliche Hinweise &nbsp;1. Copyright S\u00e4mtliche Inhalte dieser Homepage sind urheberrechtlich gesch\u00fctzt. Photos, Graphiken und Texte d\u00fcrfen ausschliesslich mit Genehmigung verwendet werden&#8230;.<\/p>","protected":false},"author":1,"featured_media":0,"parent":0,"menu_order":0,"comment_status":"closed","ping_status":"closed","template":"","meta":{"_themeisle_gutenberg_block_has_review":false,"_kadence_starter_templates_imported_post":false,"_kad_post_transparent":"enable","_kad_post_title":"","_kad_post_layout":"","_kad_post_sidebar_id":"","_kad_post_content_style":"","_kad_post_vertical_padding":"","_kad_post_feature":"","_kad_post_feature_position":"","_kad_post_header":false,"_kad_post_footer":false,"footnotes":""},"class_list":["post-1468","page","type-page","status-publish","hentry"],"_links":{"self":[{"href":"https:\/\/janowski.ch\/en\/wp-json\/wp\/v2\/pages\/1468","targetHints":{"allow":["GET"]}}],"collection":[{"href":"https:\/\/janowski.ch\/en\/wp-json\/wp\/v2\/pages"}],"about":[{"href":"https:\/\/janowski.ch\/en\/wp-json\/wp\/v2\/types\/page"}],"author":[{"embeddable":true,"href":"https:\/\/janowski.ch\/en\/wp-json\/wp\/v2\/users\/1"}],"replies":[{"embeddable":true,"href":"https:\/\/janowski.ch\/en\/wp-json\/wp\/v2\/comments?post=1468"}],"version-history":[{"count":13,"href":"https:\/\/janowski.ch\/en\/wp-json\/wp\/v2\/pages\/1468\/revisions"}],"predecessor-version":[{"id":1586,"href":"https:\/\/janowski.ch\/en\/wp-json\/wp\/v2\/pages\/1468\/revisions\/1586"}],"wp:attachment":[{"href":"https:\/\/janowski.ch\/en\/wp-json\/wp\/v2\/media?parent=1468"}],"curies":[{"name":"wp","href":"https:\/\/api.w.org\/{rel}","templated":true}]}}