{"id":585,"date":"2023-04-25T05:00:27","date_gmt":"2023-04-25T05:00:27","guid":{"rendered":"https:\/\/janowski.ch\/?page_id=585"},"modified":"2026-04-14T12:42:06","modified_gmt":"2026-04-14T12:42:06","slug":"team","status":"publish","type":"page","link":"https:\/\/janowski.ch\/en\/team\/","title":{"rendered":"\u00dcber mich"},"content":{"rendered":"<style>.kb-row-layout-id585_af9a9d-f5 > .kt-row-column-wrap{align-content:start;}:where(.kb-row-layout-id585_af9a9d-f5 > .kt-row-column-wrap) > .wp-block-kadence-column{justify-content:start;}.kb-row-layout-id585_af9a9d-f5 > .kt-row-column-wrap{column-gap:var(--global-kb-gap-md, 2rem);row-gap:var(--global-kb-gap-md, 2rem);max-width:var( --global-content-width, 1290px );padding-left:var(--global-content-edge-padding);padding-right:var(--global-content-edge-padding);padding-top:var(--global-kb-spacing-sm, 1.5rem);padding-bottom:var(--global-kb-spacing-sm, 1.5rem);min-height:500px;grid-template-columns:minmax(0, 1fr);}.kb-row-layout-id585_af9a9d-f5{background-image:url('https:\/\/janowski.ch\/wp-content\/uploads\/2023\/04\/6308_gallery.jpg');background-size:cover;background-position:54% 25%;background-attachment:scroll;background-repeat:no-repeat;}.kb-row-layout-id585_af9a9d-f5 > .kt-row-layout-overlay{opacity:0.30;}.kb-row-layout-id585_af9a9d-f5 .kt-row-layout-bottom-sep{height:100px;}.kb-row-layout-id585_af9a9d-f5 .kt-row-layout-bottom-sep svg{width:100%;}.kb-row-layout-id585_af9a9d-f5 .kt-row-layout-bottom-sep svg{fill:#ffffff!important;}@media all and (max-width: 1024px){.kb-row-layout-id585_af9a9d-f5 > .kt-row-column-wrap{grid-template-columns:minmax(0, 1fr);}}@media all and (max-width: 1024px){.kb-row-layout-id585_af9a9d-f5 .kt-row-layout-bottom-sep{height:px;}}@media all and (max-width: 1024px){.kb-row-layout-id585_af9a9d-f5 .kt-row-layout-bottom-sep svg{width:%;}}@media all and (max-width: 767px){.kb-row-layout-id585_af9a9d-f5 > .kt-row-column-wrap{grid-template-columns:minmax(0, 1fr);}.kb-row-layout-id585_af9a9d-f5 .kt-row-layout-bottom-sep{height:px;}.kb-row-layout-id585_af9a9d-f5 .kt-row-layout-bottom-sep svg{width:%;}}<\/style><div class=\"kb-row-layout-wrap kb-row-layout-id585_af9a9d-f5 alignnone kt-row-has-bg wp-block-kadence-rowlayout\"><div class=\"kt-row-layout-bottom-sep kt-row-sep-type-crvi\"><svg viewBox=\"0 0 1000 100\" preserveAspectRatio=\"none\"><path d=\"M1000,0c0,0 -270.987,98 -500,98c-229.013,0 -500,-98 -500,-98l0,100l1000,0l0,-100Z\" \/><\/svg><\/div><div class=\"kt-row-column-wrap kt-has-1-columns kt-row-layout-equal kt-tab-layout-inherit kt-mobile-layout-row kt-row-valign-top kb-theme-content-width\">\n<style>.kadence-column585_63f58b-ed > .kt-inside-inner-col,.kadence-column585_63f58b-ed > .kt-inside-inner-col:before{border-top-left-radius:0px;border-top-right-radius:0px;border-bottom-right-radius:0px;border-bottom-left-radius:0px;}.kadence-column585_63f58b-ed > .kt-inside-inner-col{column-gap:var(--global-kb-gap-sm, 1rem);}.kadence-column585_63f58b-ed > .kt-inside-inner-col{flex-direction:column;}.kadence-column585_63f58b-ed > .kt-inside-inner-col > .aligncenter{width:100%;}.kadence-column585_63f58b-ed > .kt-inside-inner-col:before{opacity:0.3;}.kadence-column585_63f58b-ed{position:relative;}@media all and (max-width: 1024px){.kadence-column585_63f58b-ed > .kt-inside-inner-col{flex-direction:column;justify-content:center;}}@media all and (max-width: 767px){.kadence-column585_63f58b-ed > .kt-inside-inner-col{flex-direction:column;justify-content:center;}}<\/style>\n<div class=\"wp-block-kadence-column kadence-column585_63f58b-ed\"><div class=\"kt-inside-inner-col\"><\/div><\/div>\n\n<\/div><\/div>\n\n<style>.kb-row-layout-wrap.wp-block-kadence-rowlayout.kb-row-layout-id585_f27676-b2{margin-top:80px;margin-bottom:80px;}.kb-row-layout-id585_f27676-b2 > .kt-row-column-wrap{align-content:start;}:where(.kb-row-layout-id585_f27676-b2 > .kt-row-column-wrap) > .wp-block-kadence-column{justify-content:start;}.kb-row-layout-id585_f27676-b2 > .kt-row-column-wrap{column-gap:var(--global-kb-gap-md, 2rem);row-gap:var(--global-kb-gap-md, 2rem);max-width:var( --global-content-width, 1290px );padding-left:var(--global-content-edge-padding);padding-right:var(--global-content-edge-padding);padding-top:0px;padding-bottom:0px;grid-template-columns:minmax(0, 1fr);}.kb-row-layout-id585_f27676-b2 > .kt-row-layout-overlay{opacity:0.30;}@media all and (max-width: 1024px){.kb-row-layout-id585_f27676-b2 > .kt-row-column-wrap{grid-template-columns:minmax(0, 1fr);}}@media all and (max-width: 767px){.kb-row-layout-id585_f27676-b2 > .kt-row-column-wrap{grid-template-columns:minmax(0, 1fr);}}<\/style><div class=\"kb-row-layout-wrap kb-row-layout-id585_f27676-b2 aligncenter wp-block-kadence-rowlayout\"><div class=\"kt-row-column-wrap kt-has-2-columns kt-row-layout-row kt-tab-layout-inherit kt-mobile-layout-row kt-row-valign-top kb-theme-content-width\">\n<style>.kadence-column585_378e3b-4f > .kt-inside-inner-col,.kadence-column585_378e3b-4f > .kt-inside-inner-col:before{border-top-left-radius:0px;border-top-right-radius:0px;border-bottom-right-radius:0px;border-bottom-left-radius:0px;}.kadence-column585_378e3b-4f > .kt-inside-inner-col{column-gap:var(--global-kb-gap-sm, 1rem);}.kadence-column585_378e3b-4f > .kt-inside-inner-col{flex-direction:column;}.kadence-column585_378e3b-4f > .kt-inside-inner-col > .aligncenter{width:100%;}.kadence-column585_378e3b-4f > .kt-inside-inner-col:before{opacity:0.3;}.kadence-column585_378e3b-4f{position:relative;}@media all and (max-width: 1024px){.kadence-column585_378e3b-4f > .kt-inside-inner-col{flex-direction:column;justify-content:center;}}@media all and (max-width: 767px){.kadence-column585_378e3b-4f > .kt-inside-inner-col{flex-direction:column;justify-content:center;}}<\/style>\n<div class=\"wp-block-kadence-column kadence-column585_378e3b-4f\"><div class=\"kt-inside-inner-col\"><style>.kb-image585_6dbfbd-2b .kb-image-has-overlay:after{opacity:0.3;}<\/style>\n<figure class=\"wp-block-kadence-image kb-image585_6dbfbd-2b size-large\"><img loading=\"lazy\" decoding=\"async\" width=\"1024\" height=\"682\" src=\"https:\/\/janowski.ch\/wp-content\/uploads\/2023\/04\/6271_team-1024x682.jpg\" alt=\"\" class=\"kb-img wp-image-487\" srcset=\"https:\/\/janowski.ch\/wp-content\/uploads\/2023\/04\/6271_team-1024x682.jpg 1024w, https:\/\/janowski.ch\/wp-content\/uploads\/2023\/04\/6271_team-300x200.jpg 300w, https:\/\/janowski.ch\/wp-content\/uploads\/2023\/04\/6271_team-768x511.jpg 768w, https:\/\/janowski.ch\/wp-content\/uploads\/2023\/04\/6271_team-1536x1022.jpg 1536w, https:\/\/janowski.ch\/wp-content\/uploads\/2023\/04\/6271_team.jpg 1920w\" sizes=\"auto, (max-width: 1024px) 100vw, 1024px\" \/><\/figure>\n\n\n<style>.wp-block-kadence-advancedheading.kt-adv-heading585_76d629-a0, .wp-block-kadence-advancedheading.kt-adv-heading585_76d629-a0[data-kb-block=\"kb-adv-heading585_76d629-a0\"]{text-align:left;font-style:normal;}.wp-block-kadence-advancedheading.kt-adv-heading585_76d629-a0 mark.kt-highlight, .wp-block-kadence-advancedheading.kt-adv-heading585_76d629-a0[data-kb-block=\"kb-adv-heading585_76d629-a0\"] mark.kt-highlight{font-style:normal;color:#f76a0c;-webkit-box-decoration-break:clone;box-decoration-break:clone;padding-top:0px;padding-right:0px;padding-bottom:0px;padding-left:0px;}.wp-block-kadence-advancedheading.kt-adv-heading585_76d629-a0 img.kb-inline-image, .wp-block-kadence-advancedheading.kt-adv-heading585_76d629-a0[data-kb-block=\"kb-adv-heading585_76d629-a0\"] img.kb-inline-image{width:150px;vertical-align:baseline;}<\/style>\n<h2 class=\"kt-adv-heading585_76d629-a0 wp-block-kadence-advancedheading\" data-kb-block=\"kb-adv-heading585_76d629-a0\">Nicole Janowski<\/h2>\n\n\n\n<p class=\"has-text-align-left\">Komplement\u00e4rTherapeutin ED Methode Heileurythmie<br>CANTIENICA\u00ae-Instruktorin Stufe 4 Platin<br>Medizinische Praxisassistentin<\/p>\n\n\n\n<p class=\"has-text-align-left\">Vom Sport \u00fcber die Eurythmie\/Heileurythmie zur CANTIENICA\u00ae-Methode, habe ich eine spannende und interessante Reise durch eine Vielfalt von unterschiedlichen Bewegungsqualit\u00e4ten machen d\u00fcrfen. Die Heileurythmie und die CANTIENICA\u00ae-Methode sind f\u00fcr mich das perfekte Paar, einfach eine geniale Kombination.<br>In der Heileurythmie wird die Bewegung zum Medikament, welches uns jederzeit zu Verf\u00fcgung steht, das finde ich grossartig. Es ist mein Bestreben, jeden Menschen ganzheitlich, in seiner Konstitution zu erfassen und die Heileurythmie-\u00dcbungen individuell als gezieltes \u201eBewegungs-Medikament\u201ceinzusetzen.<\/p>\n\n\n\n<p class=\"has-text-align-left\">Als Medizinische Praxisassistentin blicke ich auf eine langj\u00e4hrige Erfahrung im medizinischen Bereich zur\u00fcck. Seit 2001 arbeite ich als Komplement\u00e4rTherapeutin in eigener Praxis. Die Kurse Gesundheitsf\u00f6rderung mit Eurythmie, sowie die Betriebseurythmie sind mir ebenfalls ein grosses Anliegen.<\/p>\n\n\n\n<p class=\"has-text-align-left\">Meine erste Begegnung mit der CANTIENICA\u00ae-Methode war Liebe auf den ersten Blick. Kurz danach begann ich die Ausbildung und unterrichte nun seit 2010 mit Begeisterung die CANTIENICA-Methode. Menschen auf ihrer individuellen Reise durch den K\u00f6rper zu unterst\u00fctzen und begleiten ist unglaublich spannend.<br>In Privat-, Gruppen- und Themenlektionen, sowie Workshops gebe ich die feinen, differenzierten CANTIENICA\u00ae-\u00dcbungen mit viel Empathie weiter. Im Alltag aufrecht, leicht und anmutig durchs Leben zu gehen ist wunderbar, darum liebe ich die Lektionen in der Natur ganz besonders. Die CANTIENICA\u00ae-Augen\u00fcbungen sind eine Meisterleistung von Benita Cantieni, einfach fantastisch was sich durch die Reise in unserem Mikrokosmos Auge alles erfahren l\u00e4sst. Ich finde die Wort von Goethe dazu sehr passend: \u00abW\u00e4r nicht das Auge sonnenhaft, die Sonne k\u00f6nnt es nie erblicken.\u00ab<\/p>\n<\/div><\/div>\n\n\n<style>.kadence-column585_429b68-01 > .kt-inside-inner-col,.kadence-column585_429b68-01 > .kt-inside-inner-col:before{border-top-left-radius:0px;border-top-right-radius:0px;border-bottom-right-radius:0px;border-bottom-left-radius:0px;}.kadence-column585_429b68-01 > .kt-inside-inner-col{column-gap:var(--global-kb-gap-sm, 1rem);}.kadence-column585_429b68-01 > .kt-inside-inner-col{flex-direction:column;}.kadence-column585_429b68-01 > .kt-inside-inner-col > .aligncenter{width:100%;}.kadence-column585_429b68-01 > .kt-inside-inner-col:before{opacity:0.3;}.kadence-column585_429b68-01{position:relative;}@media all and (max-width: 1024px){.kadence-column585_429b68-01 > .kt-inside-inner-col{flex-direction:column;justify-content:center;}}@media all and (max-width: 767px){.kadence-column585_429b68-01 > .kt-inside-inner-col{flex-direction:column;justify-content:center;}}<\/style>\n<div class=\"wp-block-kadence-column kadence-column585_429b68-01\"><div class=\"kt-inside-inner-col\"><\/div><\/div>\n\n<\/div><\/div>","protected":false},"excerpt":{"rendered":"<p>Nicole Janowski Komplement\u00e4rTherapeutin ED Methode HeileurythmieCANTIENICA\u00ae-Instruktorin Stufe 4 PlatinMedizinische Praxisassistentin Vom Sport \u00fcber die Eurythmie\/Heileurythmie zur CANTIENICA\u00ae-Methode, habe ich eine spannende und interessante Reise durch eine Vielfalt von unterschiedlichen Bewegungsqualit\u00e4ten machen d\u00fcrfen. Die Heileurythmie und die CANTIENICA\u00ae-Methode sind f\u00fcr mich das perfekte Paar, einfach eine geniale Kombination.In der Heileurythmie wird die Bewegung zum Medikament, welches&#8230;<\/p>","protected":false},"author":1,"featured_media":0,"parent":0,"menu_order":0,"comment_status":"closed","ping_status":"closed","template":"","meta":{"_themeisle_gutenberg_block_has_review":false,"_kadence_starter_templates_imported_post":false,"_kad_post_transparent":"","_kad_post_title":"","_kad_post_layout":"default","_kad_post_sidebar_id":"","_kad_post_content_style":"default","_kad_post_vertical_padding":"","_kad_post_feature":"","_kad_post_feature_position":"","_kad_post_header":false,"_kad_post_footer":false,"footnotes":""},"class_list":["post-585","page","type-page","status-publish","hentry"],"_links":{"self":[{"href":"https:\/\/janowski.ch\/en\/wp-json\/wp\/v2\/pages\/585","targetHints":{"allow":["GET"]}}],"collection":[{"href":"https:\/\/janowski.ch\/en\/wp-json\/wp\/v2\/pages"}],"about":[{"href":"https:\/\/janowski.ch\/en\/wp-json\/wp\/v2\/types\/page"}],"author":[{"embeddable":true,"href":"https:\/\/janowski.ch\/en\/wp-json\/wp\/v2\/users\/1"}],"replies":[{"embeddable":true,"href":"https:\/\/janowski.ch\/en\/wp-json\/wp\/v2\/comments?post=585"}],"version-history":[{"count":31,"href":"https:\/\/janowski.ch\/en\/wp-json\/wp\/v2\/pages\/585\/revisions"}],"predecessor-version":[{"id":1732,"href":"https:\/\/janowski.ch\/en\/wp-json\/wp\/v2\/pages\/585\/revisions\/1732"}],"wp:attachment":[{"href":"https:\/\/janowski.ch\/en\/wp-json\/wp\/v2\/media?parent=585"}],"curies":[{"name":"wp","href":"https:\/\/api.w.org\/{rel}","templated":true}]}}